{"id":975,"date":"2026-03-17T16:58:44","date_gmt":"2026-03-17T14:58:44","guid":{"rendered":"https:\/\/auctions.bib.eu\/?post_type=product&#038;p=975"},"modified":"2026-03-17T16:58:44","modified_gmt":"2026-03-17T14:58:44","slug":"sarunu-galdu-modulis-francesco-molon","status":"publish","type":"product","link":"https:\/\/auctions.bib.eu\/index.php\/product\/sarunu-galdu-modulis-francesco-molon\/","title":{"rendered":"Sarunu galdu modulis FRANCESCO MOLON"},"content":{"rendered":"<p>T-veida sarunu galdu modulis, kas sast\u0101v no div\u0101m da\u013c\u0101m, ar \u0101das galda virsmu.<\/p>\n<p>Viens galds 210x100x77 cm<\/p>\n<p>Otrs galds 102x80x77 cm<\/p>\n","protected":false},"excerpt":{"rendered":"<p>T-veida sarunu galdu modulis, kas sast\u0101v no div\u0101m da\u013c\u0101m, ar \u0101das galda virsmu. Viens galds 210x100x77 cm Otrs galds 102x80x77 cm<\/p>\n","protected":false},"featured_media":976,"template":"","meta":{"wp_popup_display_lightbox":0,"wp_popup_suppress":"","wp_popup_trigger":"","wp_popup_trigger_amount":0,"wp_popup_disable_on_mobile":false},"product_brand":[],"product_cat":[31],"product_tag":[],"class_list":{"0":"post-975","1":"product","2":"type-product","3":"status-publish","4":"has-post-thumbnail","6":"product_cat-galdi","8":"first","9":"instock","10":"shipping-taxable","11":"purchasable","12":"product-type-simple"},"_links":{"self":[{"href":"https:\/\/auctions.bib.eu\/index.php\/wp-json\/wp\/v2\/product\/975","targetHints":{"allow":["GET"]}}],"collection":[{"href":"https:\/\/auctions.bib.eu\/index.php\/wp-json\/wp\/v2\/product"}],"about":[{"href":"https:\/\/auctions.bib.eu\/index.php\/wp-json\/wp\/v2\/types\/product"}],"wp:featuredmedia":[{"embeddable":true,"href":"https:\/\/auctions.bib.eu\/index.php\/wp-json\/wp\/v2\/media\/976"}],"wp:attachment":[{"href":"https:\/\/auctions.bib.eu\/index.php\/wp-json\/wp\/v2\/media?parent=975"}],"wp:term":[{"taxonomy":"product_brand","embeddable":true,"href":"https:\/\/auctions.bib.eu\/index.php\/wp-json\/wp\/v2\/product_brand?post=975"},{"taxonomy":"product_cat","embeddable":true,"href":"https:\/\/auctions.bib.eu\/index.php\/wp-json\/wp\/v2\/product_cat?post=975"},{"taxonomy":"product_tag","embeddable":true,"href":"https:\/\/auctions.bib.eu\/index.php\/wp-json\/wp\/v2\/product_tag?post=975"}],"curies":[{"name":"wp","href":"https:\/\/api.w.org\/{rel}","templated":true}]}}