{"id":967,"date":"2026-03-17T16:02:00","date_gmt":"2026-03-17T14:02:00","guid":{"rendered":"https:\/\/auctions.bib.eu\/?post_type=product&#038;p=967"},"modified":"2026-03-17T16:02:00","modified_gmt":"2026-03-17T14:02:00","slug":"biroja-galdins-francesco-molon","status":"publish","type":"product","link":"https:\/\/auctions.bib.eu\/index.php\/product\/biroja-galdins-francesco-molon\/","title":{"rendered":"Biroja galdi\u0146\u0161 FRANCESCO MOLON"},"content":{"rendered":"<p>Biroja galdi\u0146\u0161 ar apzelt\u012btu ornamentu, 80x60x80 cm<\/p>\n","protected":false},"excerpt":{"rendered":"<p>Biroja galdi\u0146\u0161 ar apzelt\u012btu ornamentu, 80x60x80 cm<\/p>\n","protected":false},"featured_media":968,"template":"","meta":{"wp_popup_display_lightbox":0,"wp_popup_suppress":"","wp_popup_trigger":"","wp_popup_trigger_amount":0,"wp_popup_disable_on_mobile":false},"product_brand":[],"product_cat":[31],"product_tag":[],"class_list":{"0":"post-967","1":"product","2":"type-product","3":"status-publish","4":"has-post-thumbnail","6":"product_cat-galdi","8":"first","9":"instock","10":"shipping-taxable","11":"purchasable","12":"product-type-simple"},"_links":{"self":[{"href":"https:\/\/auctions.bib.eu\/index.php\/wp-json\/wp\/v2\/product\/967","targetHints":{"allow":["GET"]}}],"collection":[{"href":"https:\/\/auctions.bib.eu\/index.php\/wp-json\/wp\/v2\/product"}],"about":[{"href":"https:\/\/auctions.bib.eu\/index.php\/wp-json\/wp\/v2\/types\/product"}],"wp:featuredmedia":[{"embeddable":true,"href":"https:\/\/auctions.bib.eu\/index.php\/wp-json\/wp\/v2\/media\/968"}],"wp:attachment":[{"href":"https:\/\/auctions.bib.eu\/index.php\/wp-json\/wp\/v2\/media?parent=967"}],"wp:term":[{"taxonomy":"product_brand","embeddable":true,"href":"https:\/\/auctions.bib.eu\/index.php\/wp-json\/wp\/v2\/product_brand?post=967"},{"taxonomy":"product_cat","embeddable":true,"href":"https:\/\/auctions.bib.eu\/index.php\/wp-json\/wp\/v2\/product_cat?post=967"},{"taxonomy":"product_tag","embeddable":true,"href":"https:\/\/auctions.bib.eu\/index.php\/wp-json\/wp\/v2\/product_tag?post=967"}],"curies":[{"name":"wp","href":"https:\/\/api.w.org\/{rel}","templated":true}]}}