{"id":962,"date":"2026-03-17T14:09:13","date_gmt":"2026-03-17T12:09:13","guid":{"rendered":"https:\/\/auctions.bib.eu\/?post_type=product&#038;p=962"},"modified":"2026-04-08T09:09:32","modified_gmt":"2026-04-08T07:09:32","slug":"sekretara-lete-diviem-cilvekiem","status":"publish","type":"product","link":"https:\/\/auctions.bib.eu\/index.php\/product\/sekretara-lete-diviem-cilvekiem\/","title":{"rendered":"Sekret\u0101ra lete diviem cilv\u0113kiem"},"content":{"rendered":"<p>Sekret\u0101ra lete ar ieb\u016bv\u0113tiem gaismek\u013ciem \/ diviem cilv\u0113kiem, 373x85x120 cm<\/p>\n","protected":false},"excerpt":{"rendered":"<p>Sekret\u0101ra lete ar ieb\u016bv\u0113tiem gaismek\u013ciem \/ diviem cilv\u0113kiem, 373x85x120 cm<\/p>\n","protected":false},"featured_media":963,"template":"","meta":{"wp_popup_display_lightbox":0,"wp_popup_suppress":"","wp_popup_trigger":"","wp_popup_trigger_amount":0,"wp_popup_disable_on_mobile":false},"product_brand":[],"product_cat":[48],"product_tag":[],"class_list":{"0":"post-962","1":"product","2":"type-product","3":"status-publish","4":"has-post-thumbnail","6":"product_cat-recepcijas-mebeles","8":"first","9":"instock","10":"shipping-taxable","11":"purchasable","12":"product-type-simple"},"_links":{"self":[{"href":"https:\/\/auctions.bib.eu\/index.php\/wp-json\/wp\/v2\/product\/962","targetHints":{"allow":["GET"]}}],"collection":[{"href":"https:\/\/auctions.bib.eu\/index.php\/wp-json\/wp\/v2\/product"}],"about":[{"href":"https:\/\/auctions.bib.eu\/index.php\/wp-json\/wp\/v2\/types\/product"}],"wp:featuredmedia":[{"embeddable":true,"href":"https:\/\/auctions.bib.eu\/index.php\/wp-json\/wp\/v2\/media\/963"}],"wp:attachment":[{"href":"https:\/\/auctions.bib.eu\/index.php\/wp-json\/wp\/v2\/media?parent=962"}],"wp:term":[{"taxonomy":"product_brand","embeddable":true,"href":"https:\/\/auctions.bib.eu\/index.php\/wp-json\/wp\/v2\/product_brand?post=962"},{"taxonomy":"product_cat","embeddable":true,"href":"https:\/\/auctions.bib.eu\/index.php\/wp-json\/wp\/v2\/product_cat?post=962"},{"taxonomy":"product_tag","embeddable":true,"href":"https:\/\/auctions.bib.eu\/index.php\/wp-json\/wp\/v2\/product_tag?post=962"}],"curies":[{"name":"wp","href":"https:\/\/api.w.org\/{rel}","templated":true}]}}