{"id":954,"date":"2026-03-17T12:52:07","date_gmt":"2026-03-17T10:52:07","guid":{"rendered":"https:\/\/auctions.bib.eu\/?post_type=product&#038;p=954"},"modified":"2026-03-17T12:58:47","modified_gmt":"2026-03-17T10:58:47","slug":"atvilktnu-bloks-ar-3-atvilktnem-2","status":"publish","type":"product","link":"https:\/\/auctions.bib.eu\/index.php\/product\/atvilktnu-bloks-ar-3-atvilktnem-2\/","title":{"rendered":"Atvilkt\u0146u bloks ar 3 atvilktn\u0113m"},"content":{"rendered":"<p>Atvilkt\u0146u bloks ar 3 atvilktn\u0113m gai\u0161i br\u016bn\u0101 kr\u0101s\u0101, 42x56x56 cm<\/p>\n","protected":false},"excerpt":{"rendered":"<p>Atvilkt\u0146u bloks ar 3 atvilktn\u0113m gai\u0161i br\u016bn\u0101 kr\u0101s\u0101, 42x56x56 cm<\/p>\n","protected":false},"featured_media":955,"template":"","meta":{"wp_popup_display_lightbox":0,"wp_popup_suppress":"","wp_popup_trigger":"","wp_popup_trigger_amount":0,"wp_popup_disable_on_mobile":false},"product_brand":[],"product_cat":[42],"product_tag":[],"class_list":{"0":"post-954","1":"product","2":"type-product","3":"status-publish","4":"has-post-thumbnail","6":"product_cat-atvilktnes","8":"first","9":"instock","10":"shipping-taxable","11":"purchasable","12":"product-type-simple"},"_links":{"self":[{"href":"https:\/\/auctions.bib.eu\/index.php\/wp-json\/wp\/v2\/product\/954","targetHints":{"allow":["GET"]}}],"collection":[{"href":"https:\/\/auctions.bib.eu\/index.php\/wp-json\/wp\/v2\/product"}],"about":[{"href":"https:\/\/auctions.bib.eu\/index.php\/wp-json\/wp\/v2\/types\/product"}],"wp:featuredmedia":[{"embeddable":true,"href":"https:\/\/auctions.bib.eu\/index.php\/wp-json\/wp\/v2\/media\/955"}],"wp:attachment":[{"href":"https:\/\/auctions.bib.eu\/index.php\/wp-json\/wp\/v2\/media?parent=954"}],"wp:term":[{"taxonomy":"product_brand","embeddable":true,"href":"https:\/\/auctions.bib.eu\/index.php\/wp-json\/wp\/v2\/product_brand?post=954"},{"taxonomy":"product_cat","embeddable":true,"href":"https:\/\/auctions.bib.eu\/index.php\/wp-json\/wp\/v2\/product_cat?post=954"},{"taxonomy":"product_tag","embeddable":true,"href":"https:\/\/auctions.bib.eu\/index.php\/wp-json\/wp\/v2\/product_tag?post=954"}],"curies":[{"name":"wp","href":"https:\/\/api.w.org\/{rel}","templated":true}]}}