{"id":952,"date":"2026-03-17T12:47:16","date_gmt":"2026-03-17T10:47:16","guid":{"rendered":"https:\/\/auctions.bib.eu\/?post_type=product&#038;p=952"},"modified":"2026-03-17T12:47:17","modified_gmt":"2026-03-17T10:47:17","slug":"atvilktnu-bloks-ar-4-atvilktnem-tumsi-bruna-krasa","status":"publish","type":"product","link":"https:\/\/auctions.bib.eu\/index.php\/product\/atvilktnu-bloks-ar-4-atvilktnem-tumsi-bruna-krasa\/","title":{"rendered":"Atvilkt\u0146u bloks ar 4 atvilktn\u0113m tum\u0161i br\u016bn\u0101 kr\u0101s\u0101"},"content":{"rendered":"<p>Atvilkt\u0146u bloks ar 4 atvilktn\u0113m tum\u0161i br\u016bn\u0101 kr\u0101s\u0101, 40,5x51x60 cm<\/p>\n","protected":false},"excerpt":{"rendered":"<p>Atvilkt\u0146u bloks ar 4 atvilktn\u0113m tum\u0161i br\u016bn\u0101 kr\u0101s\u0101, 40,5x51x60 cm<\/p>\n","protected":false},"featured_media":953,"template":"","meta":{"wp_popup_display_lightbox":0,"wp_popup_suppress":"","wp_popup_trigger":"","wp_popup_trigger_amount":0,"wp_popup_disable_on_mobile":false},"product_brand":[],"product_cat":[42],"product_tag":[],"class_list":{"0":"post-952","1":"product","2":"type-product","3":"status-publish","4":"has-post-thumbnail","6":"product_cat-atvilktnes","8":"first","9":"instock","10":"shipping-taxable","11":"purchasable","12":"product-type-simple"},"_links":{"self":[{"href":"https:\/\/auctions.bib.eu\/index.php\/wp-json\/wp\/v2\/product\/952","targetHints":{"allow":["GET"]}}],"collection":[{"href":"https:\/\/auctions.bib.eu\/index.php\/wp-json\/wp\/v2\/product"}],"about":[{"href":"https:\/\/auctions.bib.eu\/index.php\/wp-json\/wp\/v2\/types\/product"}],"wp:featuredmedia":[{"embeddable":true,"href":"https:\/\/auctions.bib.eu\/index.php\/wp-json\/wp\/v2\/media\/953"}],"wp:attachment":[{"href":"https:\/\/auctions.bib.eu\/index.php\/wp-json\/wp\/v2\/media?parent=952"}],"wp:term":[{"taxonomy":"product_brand","embeddable":true,"href":"https:\/\/auctions.bib.eu\/index.php\/wp-json\/wp\/v2\/product_brand?post=952"},{"taxonomy":"product_cat","embeddable":true,"href":"https:\/\/auctions.bib.eu\/index.php\/wp-json\/wp\/v2\/product_cat?post=952"},{"taxonomy":"product_tag","embeddable":true,"href":"https:\/\/auctions.bib.eu\/index.php\/wp-json\/wp\/v2\/product_tag?post=952"}],"curies":[{"name":"wp","href":"https:\/\/api.w.org\/{rel}","templated":true}]}}