{"id":904,"date":"2026-03-16T16:48:18","date_gmt":"2026-03-16T14:48:18","guid":{"rendered":"https:\/\/auctions.bib.eu\/?post_type=product&#038;p=904"},"modified":"2026-03-16T16:59:39","modified_gmt":"2026-03-16T14:59:39","slug":"metala-atvilktnu-bloks-2","status":"publish","type":"product","link":"https:\/\/auctions.bib.eu\/index.php\/product\/metala-atvilktnu-bloks-2\/","title":{"rendered":"Met\u0101la atvilkt\u0146u bloks ar 4 atvilktn\u0113m"},"content":{"rendered":"<p>Met\u0101la atvilkt\u0146u bloks, 41x63x128 cm<\/p>\n<p>Meln\u0101, pel\u0113k\u0101 un b\u0113\u0161\u0101 kr\u0101s\u0101s<\/p>\n","protected":false},"excerpt":{"rendered":"<p>Met\u0101la atvilkt\u0146u bloks, 41x63x128 cm Meln\u0101, pel\u0113k\u0101 un b\u0113\u0161\u0101 kr\u0101s\u0101s<\/p>\n","protected":false},"featured_media":905,"template":"","meta":{"wp_popup_display_lightbox":0,"wp_popup_suppress":"","wp_popup_trigger":"","wp_popup_trigger_amount":0,"wp_popup_disable_on_mobile":false},"product_brand":[],"product_cat":[42],"product_tag":[],"class_list":{"0":"post-904","1":"product","2":"type-product","3":"status-publish","4":"has-post-thumbnail","6":"product_cat-atvilktnes","8":"first","9":"instock","10":"shipping-taxable","11":"purchasable","12":"product-type-simple"},"_links":{"self":[{"href":"https:\/\/auctions.bib.eu\/index.php\/wp-json\/wp\/v2\/product\/904","targetHints":{"allow":["GET"]}}],"collection":[{"href":"https:\/\/auctions.bib.eu\/index.php\/wp-json\/wp\/v2\/product"}],"about":[{"href":"https:\/\/auctions.bib.eu\/index.php\/wp-json\/wp\/v2\/types\/product"}],"wp:featuredmedia":[{"embeddable":true,"href":"https:\/\/auctions.bib.eu\/index.php\/wp-json\/wp\/v2\/media\/905"}],"wp:attachment":[{"href":"https:\/\/auctions.bib.eu\/index.php\/wp-json\/wp\/v2\/media?parent=904"}],"wp:term":[{"taxonomy":"product_brand","embeddable":true,"href":"https:\/\/auctions.bib.eu\/index.php\/wp-json\/wp\/v2\/product_brand?post=904"},{"taxonomy":"product_cat","embeddable":true,"href":"https:\/\/auctions.bib.eu\/index.php\/wp-json\/wp\/v2\/product_cat?post=904"},{"taxonomy":"product_tag","embeddable":true,"href":"https:\/\/auctions.bib.eu\/index.php\/wp-json\/wp\/v2\/product_tag?post=904"}],"curies":[{"name":"wp","href":"https:\/\/api.w.org\/{rel}","templated":true}]}}