{"id":885,"date":"2026-03-16T13:52:50","date_gmt":"2026-03-16T11:52:50","guid":{"rendered":"https:\/\/auctions.bib.eu\/?post_type=product&#038;p=885"},"modified":"2026-03-16T13:52:50","modified_gmt":"2026-03-16T11:52:50","slug":"drebju-pakaramais-6","status":"publish","type":"product","link":"https:\/\/auctions.bib.eu\/index.php\/product\/drebju-pakaramais-6\/","title":{"rendered":"Dr\u0113bju pakaramais"},"content":{"rendered":"<p>Dr\u0113bju pakaramais, 45x45x190 cm<\/p>\n<p>3 gai\u0161ie un 2 tum\u0161ie<\/p>\n","protected":false},"excerpt":{"rendered":"<p>Dr\u0113bju pakaramais, 45x45x190 cm 3 gai\u0161ie un 2 tum\u0161ie<\/p>\n","protected":false},"featured_media":886,"template":"","meta":{"wp_popup_display_lightbox":0,"wp_popup_suppress":"","wp_popup_trigger":"","wp_popup_trigger_amount":0,"wp_popup_disable_on_mobile":false},"product_brand":[],"product_cat":[40],"product_tag":[],"class_list":{"0":"post-885","1":"product","2":"type-product","3":"status-publish","4":"has-post-thumbnail","6":"product_cat-dazadi","8":"first","9":"instock","10":"shipping-taxable","11":"purchasable","12":"product-type-simple"},"_links":{"self":[{"href":"https:\/\/auctions.bib.eu\/index.php\/wp-json\/wp\/v2\/product\/885","targetHints":{"allow":["GET"]}}],"collection":[{"href":"https:\/\/auctions.bib.eu\/index.php\/wp-json\/wp\/v2\/product"}],"about":[{"href":"https:\/\/auctions.bib.eu\/index.php\/wp-json\/wp\/v2\/types\/product"}],"wp:featuredmedia":[{"embeddable":true,"href":"https:\/\/auctions.bib.eu\/index.php\/wp-json\/wp\/v2\/media\/886"}],"wp:attachment":[{"href":"https:\/\/auctions.bib.eu\/index.php\/wp-json\/wp\/v2\/media?parent=885"}],"wp:term":[{"taxonomy":"product_brand","embeddable":true,"href":"https:\/\/auctions.bib.eu\/index.php\/wp-json\/wp\/v2\/product_brand?post=885"},{"taxonomy":"product_cat","embeddable":true,"href":"https:\/\/auctions.bib.eu\/index.php\/wp-json\/wp\/v2\/product_cat?post=885"},{"taxonomy":"product_tag","embeddable":true,"href":"https:\/\/auctions.bib.eu\/index.php\/wp-json\/wp\/v2\/product_tag?post=885"}],"curies":[{"name":"wp","href":"https:\/\/api.w.org\/{rel}","templated":true}]}}