{"id":853,"date":"2026-03-11T14:57:56","date_gmt":"2026-03-11T12:57:56","guid":{"rendered":"https:\/\/auctions.bib.eu\/?post_type=product&#038;p=853"},"modified":"2026-03-11T14:57:56","modified_gmt":"2026-03-11T12:57:56","slug":"skapitis-ar-bidamam-durvim","status":"publish","type":"product","link":"https:\/\/auctions.bib.eu\/index.php\/product\/skapitis-ar-bidamam-durvim\/","title":{"rendered":"Skap\u012btis ar b\u012bd\u0101m\u0101m durv\u012bm"},"content":{"rendered":"<p>Skap\u012btis ar b\u012bd\u0101m\u0101m durv\u012bm, 170x55x79 cm<\/p>\n","protected":false},"excerpt":{"rendered":"<p>Skap\u012btis ar b\u012bd\u0101m\u0101m durv\u012bm, 170x55x79 cm<\/p>\n","protected":false},"featured_media":854,"template":"","meta":{"wp_popup_display_lightbox":0,"wp_popup_suppress":"","wp_popup_trigger":"","wp_popup_trigger_amount":0,"wp_popup_disable_on_mobile":false},"product_brand":[],"product_cat":[32],"product_tag":[],"class_list":{"0":"post-853","1":"product","2":"type-product","3":"status-publish","4":"has-post-thumbnail","6":"product_cat-biroja-plaukti-skapji","8":"first","9":"instock","10":"shipping-taxable","11":"purchasable","12":"product-type-simple"},"_links":{"self":[{"href":"https:\/\/auctions.bib.eu\/index.php\/wp-json\/wp\/v2\/product\/853","targetHints":{"allow":["GET"]}}],"collection":[{"href":"https:\/\/auctions.bib.eu\/index.php\/wp-json\/wp\/v2\/product"}],"about":[{"href":"https:\/\/auctions.bib.eu\/index.php\/wp-json\/wp\/v2\/types\/product"}],"wp:featuredmedia":[{"embeddable":true,"href":"https:\/\/auctions.bib.eu\/index.php\/wp-json\/wp\/v2\/media\/854"}],"wp:attachment":[{"href":"https:\/\/auctions.bib.eu\/index.php\/wp-json\/wp\/v2\/media?parent=853"}],"wp:term":[{"taxonomy":"product_brand","embeddable":true,"href":"https:\/\/auctions.bib.eu\/index.php\/wp-json\/wp\/v2\/product_brand?post=853"},{"taxonomy":"product_cat","embeddable":true,"href":"https:\/\/auctions.bib.eu\/index.php\/wp-json\/wp\/v2\/product_cat?post=853"},{"taxonomy":"product_tag","embeddable":true,"href":"https:\/\/auctions.bib.eu\/index.php\/wp-json\/wp\/v2\/product_tag?post=853"}],"curies":[{"name":"wp","href":"https:\/\/api.w.org\/{rel}","templated":true}]}}