{"id":851,"date":"2026-03-11T14:55:54","date_gmt":"2026-03-11T12:55:54","guid":{"rendered":"https:\/\/auctions.bib.eu\/?post_type=product&#038;p=851"},"modified":"2026-04-08T14:17:17","modified_gmt":"2026-04-08T12:17:17","slug":"piekaramo-skapisu-modulis-ar-galdinu","status":"publish","type":"product","link":"https:\/\/auctions.bib.eu\/index.php\/product\/piekaramo-skapisu-modulis-ar-galdinu\/","title":{"rendered":"Piekaramo skap\u012b\u0161u modulis ar galdi\u0146u"},"content":{"rendered":"<p>Piekaramo skap\u012b\u0161u modulis ar galdi\u0146u,<\/p>\n<p>vid\u0113ja da\u013ca 53,5x46x240 cm<\/p>\n<p>katrs skap\u012btis 74&#215;32,5&#215;100 cm<\/p>\n<p>&nbsp;<\/p>\n","protected":false},"excerpt":{"rendered":"<p>Piekaramo skap\u012b\u0161u modulis ar galdi\u0146u, vid\u0113ja da\u013ca 53,5x46x240 cm katrs skap\u012btis 74&#215;32,5&#215;100 cm &nbsp;<\/p>\n","protected":false},"featured_media":852,"template":"","meta":{"wp_popup_display_lightbox":0,"wp_popup_suppress":"","wp_popup_trigger":"","wp_popup_trigger_amount":0,"wp_popup_disable_on_mobile":false},"product_brand":[],"product_cat":[32],"product_tag":[],"class_list":{"0":"post-851","1":"product","2":"type-product","3":"status-publish","4":"has-post-thumbnail","6":"product_cat-biroja-plaukti-skapji","8":"first","9":"instock","10":"shipping-taxable","11":"purchasable","12":"product-type-simple"},"_links":{"self":[{"href":"https:\/\/auctions.bib.eu\/index.php\/wp-json\/wp\/v2\/product\/851","targetHints":{"allow":["GET"]}}],"collection":[{"href":"https:\/\/auctions.bib.eu\/index.php\/wp-json\/wp\/v2\/product"}],"about":[{"href":"https:\/\/auctions.bib.eu\/index.php\/wp-json\/wp\/v2\/types\/product"}],"wp:featuredmedia":[{"embeddable":true,"href":"https:\/\/auctions.bib.eu\/index.php\/wp-json\/wp\/v2\/media\/852"}],"wp:attachment":[{"href":"https:\/\/auctions.bib.eu\/index.php\/wp-json\/wp\/v2\/media?parent=851"}],"wp:term":[{"taxonomy":"product_brand","embeddable":true,"href":"https:\/\/auctions.bib.eu\/index.php\/wp-json\/wp\/v2\/product_brand?post=851"},{"taxonomy":"product_cat","embeddable":true,"href":"https:\/\/auctions.bib.eu\/index.php\/wp-json\/wp\/v2\/product_cat?post=851"},{"taxonomy":"product_tag","embeddable":true,"href":"https:\/\/auctions.bib.eu\/index.php\/wp-json\/wp\/v2\/product_tag?post=851"}],"curies":[{"name":"wp","href":"https:\/\/api.w.org\/{rel}","templated":true}]}}