{"id":839,"date":"2026-03-11T11:21:26","date_gmt":"2026-03-11T09:21:26","guid":{"rendered":"https:\/\/auctions.bib.eu\/?post_type=product&#038;p=839"},"modified":"2026-04-08T15:39:17","modified_gmt":"2026-04-08T13:39:17","slug":"gramatu-skapis","status":"publish","type":"product","link":"https:\/\/auctions.bib.eu\/index.php\/product\/gramatu-skapis\/","title":{"rendered":"Gr\u0101matu skapis"},"content":{"rendered":"<p>Gr\u0101matu skapis ar stikla un koka durv\u012bm, 191x37x230 cm<\/p>\n","protected":false},"excerpt":{"rendered":"<p>Gr\u0101matu skapis ar stikla un koka durv\u012bm, 191x37x230 cm<\/p>\n","protected":false},"featured_media":840,"template":"","meta":{"wp_popup_display_lightbox":0,"wp_popup_suppress":"","wp_popup_trigger":"","wp_popup_trigger_amount":0,"wp_popup_disable_on_mobile":false},"product_brand":[],"product_cat":[32],"product_tag":[],"class_list":{"0":"post-839","1":"product","2":"type-product","3":"status-publish","4":"has-post-thumbnail","6":"product_cat-biroja-plaukti-skapji","8":"first","9":"instock","10":"shipping-taxable","11":"purchasable","12":"product-type-simple"},"_links":{"self":[{"href":"https:\/\/auctions.bib.eu\/index.php\/wp-json\/wp\/v2\/product\/839","targetHints":{"allow":["GET"]}}],"collection":[{"href":"https:\/\/auctions.bib.eu\/index.php\/wp-json\/wp\/v2\/product"}],"about":[{"href":"https:\/\/auctions.bib.eu\/index.php\/wp-json\/wp\/v2\/types\/product"}],"wp:featuredmedia":[{"embeddable":true,"href":"https:\/\/auctions.bib.eu\/index.php\/wp-json\/wp\/v2\/media\/840"}],"wp:attachment":[{"href":"https:\/\/auctions.bib.eu\/index.php\/wp-json\/wp\/v2\/media?parent=839"}],"wp:term":[{"taxonomy":"product_brand","embeddable":true,"href":"https:\/\/auctions.bib.eu\/index.php\/wp-json\/wp\/v2\/product_brand?post=839"},{"taxonomy":"product_cat","embeddable":true,"href":"https:\/\/auctions.bib.eu\/index.php\/wp-json\/wp\/v2\/product_cat?post=839"},{"taxonomy":"product_tag","embeddable":true,"href":"https:\/\/auctions.bib.eu\/index.php\/wp-json\/wp\/v2\/product_tag?post=839"}],"curies":[{"name":"wp","href":"https:\/\/api.w.org\/{rel}","templated":true}]}}