{"id":804,"date":"2026-03-10T10:28:47","date_gmt":"2026-03-10T08:28:47","guid":{"rendered":"https:\/\/auctions.bib.eu\/?post_type=product&#038;p=804"},"modified":"2026-03-10T10:28:48","modified_gmt":"2026-03-10T08:28:48","slug":"dokumentu-skapitis-3","status":"publish","type":"product","link":"https:\/\/auctions.bib.eu\/index.php\/product\/dokumentu-skapitis-3\/","title":{"rendered":"Dokumentu skap\u012btis"},"content":{"rendered":"<p>Zems dokumentu skapis ar durv\u012bm aun atvilktn\u0113m, 116x56x90 cm<\/p>\n","protected":false},"excerpt":{"rendered":"<p>Zems dokumentu skapis ar durv\u012bm aun atvilktn\u0113m, 116x56x90 cm<\/p>\n","protected":false},"featured_media":805,"template":"","meta":{"wp_popup_display_lightbox":0,"wp_popup_suppress":"","wp_popup_trigger":"","wp_popup_trigger_amount":0,"wp_popup_disable_on_mobile":false},"product_brand":[],"product_cat":[32],"product_tag":[],"class_list":{"0":"post-804","1":"product","2":"type-product","3":"status-publish","4":"has-post-thumbnail","6":"product_cat-biroja-plaukti-skapji","8":"first","9":"instock","10":"shipping-taxable","11":"purchasable","12":"product-type-simple"},"_links":{"self":[{"href":"https:\/\/auctions.bib.eu\/index.php\/wp-json\/wp\/v2\/product\/804","targetHints":{"allow":["GET"]}}],"collection":[{"href":"https:\/\/auctions.bib.eu\/index.php\/wp-json\/wp\/v2\/product"}],"about":[{"href":"https:\/\/auctions.bib.eu\/index.php\/wp-json\/wp\/v2\/types\/product"}],"wp:featuredmedia":[{"embeddable":true,"href":"https:\/\/auctions.bib.eu\/index.php\/wp-json\/wp\/v2\/media\/805"}],"wp:attachment":[{"href":"https:\/\/auctions.bib.eu\/index.php\/wp-json\/wp\/v2\/media?parent=804"}],"wp:term":[{"taxonomy":"product_brand","embeddable":true,"href":"https:\/\/auctions.bib.eu\/index.php\/wp-json\/wp\/v2\/product_brand?post=804"},{"taxonomy":"product_cat","embeddable":true,"href":"https:\/\/auctions.bib.eu\/index.php\/wp-json\/wp\/v2\/product_cat?post=804"},{"taxonomy":"product_tag","embeddable":true,"href":"https:\/\/auctions.bib.eu\/index.php\/wp-json\/wp\/v2\/product_tag?post=804"}],"curies":[{"name":"wp","href":"https:\/\/api.w.org\/{rel}","templated":true}]}}