{"id":794,"date":"2026-03-09T15:14:43","date_gmt":"2026-03-09T13:14:43","guid":{"rendered":"https:\/\/auctions.bib.eu\/?post_type=product&#038;p=794"},"modified":"2026-03-09T15:14:43","modified_gmt":"2026-03-09T13:14:43","slug":"dokumentu-skapis-ar-atklato-plauktu","status":"publish","type":"product","link":"https:\/\/auctions.bib.eu\/index.php\/product\/dokumentu-skapis-ar-atklato-plauktu\/","title":{"rendered":"Dokumentu skapis ar atkl\u0101to plauktu"},"content":{"rendered":"<p>Dokumentu skapis ar durv\u012bm un atk\u0101to vid\u0113jo plauktu, 70x40x197 cm<\/p>\n","protected":false},"excerpt":{"rendered":"<p>Dokumentu skapis ar durv\u012bm un atk\u0101to vid\u0113jo plauktu, 70x40x197 cm<\/p>\n","protected":false},"featured_media":795,"template":"","meta":{"wp_popup_display_lightbox":0,"wp_popup_suppress":"","wp_popup_trigger":"","wp_popup_trigger_amount":0,"wp_popup_disable_on_mobile":false},"product_brand":[],"product_cat":[32],"product_tag":[],"class_list":{"0":"post-794","1":"product","2":"type-product","3":"status-publish","4":"has-post-thumbnail","6":"product_cat-biroja-plaukti-skapji","8":"first","9":"instock","10":"shipping-taxable","11":"purchasable","12":"product-type-simple"},"_links":{"self":[{"href":"https:\/\/auctions.bib.eu\/index.php\/wp-json\/wp\/v2\/product\/794","targetHints":{"allow":["GET"]}}],"collection":[{"href":"https:\/\/auctions.bib.eu\/index.php\/wp-json\/wp\/v2\/product"}],"about":[{"href":"https:\/\/auctions.bib.eu\/index.php\/wp-json\/wp\/v2\/types\/product"}],"wp:featuredmedia":[{"embeddable":true,"href":"https:\/\/auctions.bib.eu\/index.php\/wp-json\/wp\/v2\/media\/795"}],"wp:attachment":[{"href":"https:\/\/auctions.bib.eu\/index.php\/wp-json\/wp\/v2\/media?parent=794"}],"wp:term":[{"taxonomy":"product_brand","embeddable":true,"href":"https:\/\/auctions.bib.eu\/index.php\/wp-json\/wp\/v2\/product_brand?post=794"},{"taxonomy":"product_cat","embeddable":true,"href":"https:\/\/auctions.bib.eu\/index.php\/wp-json\/wp\/v2\/product_cat?post=794"},{"taxonomy":"product_tag","embeddable":true,"href":"https:\/\/auctions.bib.eu\/index.php\/wp-json\/wp\/v2\/product_tag?post=794"}],"curies":[{"name":"wp","href":"https:\/\/api.w.org\/{rel}","templated":true}]}}