{"id":790,"date":"2026-03-09T14:16:38","date_gmt":"2026-03-09T12:16:38","guid":{"rendered":"https:\/\/auctions.bib.eu\/?post_type=product&#038;p=790"},"modified":"2026-03-09T14:16:38","modified_gmt":"2026-03-09T12:16:38","slug":"skapisu-komplekts-recepcijai-mazs","status":"publish","type":"product","link":"https:\/\/auctions.bib.eu\/index.php\/product\/skapisu-komplekts-recepcijai-mazs\/","title":{"rendered":"Skap\u012b\u0161u komplekts recepcijai (mazs)"},"content":{"rendered":"<p>Skap\u012b\u0161u komplekts recepcijai ar 2 durv\u012bm un 16 atkl\u0101tiem plauktiem labaj\u0101 vai kreisaj\u0101 pus\u0113, 108,5x51x110 cm<\/p>\n","protected":false},"excerpt":{"rendered":"<p>Skap\u012b\u0161u komplekts recepcijai ar 2 durv\u012bm un 16 atkl\u0101tiem plauktiem labaj\u0101 vai kreisaj\u0101 pus\u0113, 108,5x51x110 cm<\/p>\n","protected":false},"featured_media":791,"template":"","meta":{"wp_popup_display_lightbox":0,"wp_popup_suppress":"","wp_popup_trigger":"","wp_popup_trigger_amount":0,"wp_popup_disable_on_mobile":false},"product_brand":[],"product_cat":[32],"product_tag":[],"class_list":{"0":"post-790","1":"product","2":"type-product","3":"status-publish","4":"has-post-thumbnail","6":"product_cat-biroja-plaukti-skapji","8":"first","9":"instock","10":"shipping-taxable","11":"purchasable","12":"product-type-simple"},"_links":{"self":[{"href":"https:\/\/auctions.bib.eu\/index.php\/wp-json\/wp\/v2\/product\/790","targetHints":{"allow":["GET"]}}],"collection":[{"href":"https:\/\/auctions.bib.eu\/index.php\/wp-json\/wp\/v2\/product"}],"about":[{"href":"https:\/\/auctions.bib.eu\/index.php\/wp-json\/wp\/v2\/types\/product"}],"wp:featuredmedia":[{"embeddable":true,"href":"https:\/\/auctions.bib.eu\/index.php\/wp-json\/wp\/v2\/media\/791"}],"wp:attachment":[{"href":"https:\/\/auctions.bib.eu\/index.php\/wp-json\/wp\/v2\/media?parent=790"}],"wp:term":[{"taxonomy":"product_brand","embeddable":true,"href":"https:\/\/auctions.bib.eu\/index.php\/wp-json\/wp\/v2\/product_brand?post=790"},{"taxonomy":"product_cat","embeddable":true,"href":"https:\/\/auctions.bib.eu\/index.php\/wp-json\/wp\/v2\/product_cat?post=790"},{"taxonomy":"product_tag","embeddable":true,"href":"https:\/\/auctions.bib.eu\/index.php\/wp-json\/wp\/v2\/product_tag?post=790"}],"curies":[{"name":"wp","href":"https:\/\/api.w.org\/{rel}","templated":true}]}}