{"id":787,"date":"2026-03-09T14:08:23","date_gmt":"2026-03-09T12:08:23","guid":{"rendered":"https:\/\/auctions.bib.eu\/?post_type=product&#038;p=787"},"modified":"2026-03-09T14:13:54","modified_gmt":"2026-03-09T12:13:54","slug":"787","status":"publish","type":"product","link":"https:\/\/auctions.bib.eu\/index.php\/product\/787\/","title":{"rendered":"Skap\u012b\u0161u komplekts recepcijai (vid\u0113jais)"},"content":{"rendered":"<p>Skap\u012b\u0161u komplekts recepcijai ar 4 durv\u012bm un 16 atkl\u0101tiem plauktiem labaj\u0101 vai kreisaj\u0101 pus\u0113, 158x51x110 cm<\/p>\n","protected":false},"excerpt":{"rendered":"<p>Skap\u012b\u0161u komplekts recepcijai ar 4 durv\u012bm un 16 atkl\u0101tiem plauktiem labaj\u0101 vai kreisaj\u0101 pus\u0113, 158x51x110 cm<\/p>\n","protected":false},"featured_media":788,"template":"","meta":{"wp_popup_display_lightbox":0,"wp_popup_suppress":"","wp_popup_trigger":"","wp_popup_trigger_amount":0,"wp_popup_disable_on_mobile":false},"product_brand":[],"product_cat":[32],"product_tag":[],"class_list":{"0":"post-787","1":"product","2":"type-product","3":"status-publish","4":"has-post-thumbnail","6":"product_cat-biroja-plaukti-skapji","8":"first","9":"instock","10":"shipping-taxable","11":"purchasable","12":"product-type-simple"},"_links":{"self":[{"href":"https:\/\/auctions.bib.eu\/index.php\/wp-json\/wp\/v2\/product\/787","targetHints":{"allow":["GET"]}}],"collection":[{"href":"https:\/\/auctions.bib.eu\/index.php\/wp-json\/wp\/v2\/product"}],"about":[{"href":"https:\/\/auctions.bib.eu\/index.php\/wp-json\/wp\/v2\/types\/product"}],"wp:featuredmedia":[{"embeddable":true,"href":"https:\/\/auctions.bib.eu\/index.php\/wp-json\/wp\/v2\/media\/788"}],"wp:attachment":[{"href":"https:\/\/auctions.bib.eu\/index.php\/wp-json\/wp\/v2\/media?parent=787"}],"wp:term":[{"taxonomy":"product_brand","embeddable":true,"href":"https:\/\/auctions.bib.eu\/index.php\/wp-json\/wp\/v2\/product_brand?post=787"},{"taxonomy":"product_cat","embeddable":true,"href":"https:\/\/auctions.bib.eu\/index.php\/wp-json\/wp\/v2\/product_cat?post=787"},{"taxonomy":"product_tag","embeddable":true,"href":"https:\/\/auctions.bib.eu\/index.php\/wp-json\/wp\/v2\/product_tag?post=787"}],"curies":[{"name":"wp","href":"https:\/\/api.w.org\/{rel}","templated":true}]}}