{"id":770,"date":"2026-03-09T12:55:56","date_gmt":"2026-03-09T10:55:56","guid":{"rendered":"https:\/\/auctions.bib.eu\/?post_type=product&#038;p=770"},"modified":"2026-03-09T12:55:56","modified_gmt":"2026-03-09T10:55:56","slug":"divdurvju-metala-dokumentu-skapis-saurs","status":"publish","type":"product","link":"https:\/\/auctions.bib.eu\/index.php\/product\/divdurvju-metala-dokumentu-skapis-saurs\/","title":{"rendered":"Divdurvju met\u0101la dokumentu skapis (\u0161aurs)"},"content":{"rendered":"<p>Divdurvju met\u0101la dokumentu skapis pel\u0113k\u0101 kr\u0101s\u0101, 80&#215;43,5&#215;197 cm<\/p>\n","protected":false},"excerpt":{"rendered":"<p>Divdurvju met\u0101la dokumentu skapis pel\u0113k\u0101 kr\u0101s\u0101, 80&#215;43,5&#215;197 cm<\/p>\n","protected":false},"featured_media":771,"template":"","meta":{"wp_popup_display_lightbox":0,"wp_popup_suppress":"","wp_popup_trigger":"","wp_popup_trigger_amount":0,"wp_popup_disable_on_mobile":false},"product_brand":[],"product_cat":[32],"product_tag":[],"class_list":{"0":"post-770","1":"product","2":"type-product","3":"status-publish","4":"has-post-thumbnail","6":"product_cat-biroja-plaukti-skapji","8":"first","9":"instock","10":"shipping-taxable","11":"purchasable","12":"product-type-simple"},"_links":{"self":[{"href":"https:\/\/auctions.bib.eu\/index.php\/wp-json\/wp\/v2\/product\/770","targetHints":{"allow":["GET"]}}],"collection":[{"href":"https:\/\/auctions.bib.eu\/index.php\/wp-json\/wp\/v2\/product"}],"about":[{"href":"https:\/\/auctions.bib.eu\/index.php\/wp-json\/wp\/v2\/types\/product"}],"wp:featuredmedia":[{"embeddable":true,"href":"https:\/\/auctions.bib.eu\/index.php\/wp-json\/wp\/v2\/media\/771"}],"wp:attachment":[{"href":"https:\/\/auctions.bib.eu\/index.php\/wp-json\/wp\/v2\/media?parent=770"}],"wp:term":[{"taxonomy":"product_brand","embeddable":true,"href":"https:\/\/auctions.bib.eu\/index.php\/wp-json\/wp\/v2\/product_brand?post=770"},{"taxonomy":"product_cat","embeddable":true,"href":"https:\/\/auctions.bib.eu\/index.php\/wp-json\/wp\/v2\/product_cat?post=770"},{"taxonomy":"product_tag","embeddable":true,"href":"https:\/\/auctions.bib.eu\/index.php\/wp-json\/wp\/v2\/product_tag?post=770"}],"curies":[{"name":"wp","href":"https:\/\/api.w.org\/{rel}","templated":true}]}}