{"id":755,"date":"2026-03-06T11:30:43","date_gmt":"2026-03-06T09:30:43","guid":{"rendered":"https:\/\/auctions.bib.eu\/?post_type=product&#038;p=755"},"modified":"2026-03-17T10:05:29","modified_gmt":"2026-03-17T08:05:29","slug":"seifs_37","status":"publish","type":"product","link":"https:\/\/auctions.bib.eu\/index.php\/product\/seifs_37\/","title":{"rendered":"Seifs_37"},"content":{"rendered":"<p>150X64X45<\/p>\n<p>divda\u013c\u012bgs<\/p>\n<p>atsl\u0113ga ir, bet nedarbojas<\/p>\n","protected":false},"excerpt":{"rendered":"<p>150X64X45 divda\u013c\u012bgs atsl\u0113ga ir, bet nedarbojas<\/p>\n","protected":false},"featured_media":756,"template":"","meta":{"wp_popup_display_lightbox":0,"wp_popup_suppress":"","wp_popup_trigger":"","wp_popup_trigger_amount":0,"wp_popup_disable_on_mobile":false},"product_brand":[],"product_cat":[45],"product_tag":[],"class_list":{"0":"post-755","1":"product","2":"type-product","3":"status-publish","4":"has-post-thumbnail","6":"product_cat-seifi","8":"first","9":"instock","10":"shipping-taxable","11":"purchasable","12":"product-type-simple"},"_links":{"self":[{"href":"https:\/\/auctions.bib.eu\/index.php\/wp-json\/wp\/v2\/product\/755","targetHints":{"allow":["GET"]}}],"collection":[{"href":"https:\/\/auctions.bib.eu\/index.php\/wp-json\/wp\/v2\/product"}],"about":[{"href":"https:\/\/auctions.bib.eu\/index.php\/wp-json\/wp\/v2\/types\/product"}],"wp:featuredmedia":[{"embeddable":true,"href":"https:\/\/auctions.bib.eu\/index.php\/wp-json\/wp\/v2\/media\/756"}],"wp:attachment":[{"href":"https:\/\/auctions.bib.eu\/index.php\/wp-json\/wp\/v2\/media?parent=755"}],"wp:term":[{"taxonomy":"product_brand","embeddable":true,"href":"https:\/\/auctions.bib.eu\/index.php\/wp-json\/wp\/v2\/product_brand?post=755"},{"taxonomy":"product_cat","embeddable":true,"href":"https:\/\/auctions.bib.eu\/index.php\/wp-json\/wp\/v2\/product_cat?post=755"},{"taxonomy":"product_tag","embeddable":true,"href":"https:\/\/auctions.bib.eu\/index.php\/wp-json\/wp\/v2\/product_tag?post=755"}],"curies":[{"name":"wp","href":"https:\/\/api.w.org\/{rel}","templated":true}]}}