{"id":747,"date":"2026-03-06T11:17:08","date_gmt":"2026-03-06T09:17:08","guid":{"rendered":"https:\/\/auctions.bib.eu\/?post_type=product&#038;p=747"},"modified":"2026-03-17T10:07:09","modified_gmt":"2026-03-17T08:07:09","slug":"seifs_33","status":"publish","type":"product","link":"https:\/\/auctions.bib.eu\/index.php\/product\/seifs_33\/","title":{"rendered":"Seifs_33"},"content":{"rendered":"<p>Fichet Alisea, 53X45X50<\/p>\n<p>ir papildus koda atsl\u0113ga, kods nav zin\u0101ms<\/p>\n<p>meh\u0101nisk\u0101 atsl\u0113ga ir<\/p>\n","protected":false},"excerpt":{"rendered":"<p>Fichet Alisea, 53X45X50 ir papildus koda atsl\u0113ga, kods nav zin\u0101ms meh\u0101nisk\u0101 atsl\u0113ga ir<\/p>\n","protected":false},"featured_media":748,"template":"","meta":{"wp_popup_display_lightbox":0,"wp_popup_suppress":"","wp_popup_trigger":"","wp_popup_trigger_amount":0,"wp_popup_disable_on_mobile":false},"product_brand":[],"product_cat":[45],"product_tag":[],"class_list":{"0":"post-747","1":"product","2":"type-product","3":"status-publish","4":"has-post-thumbnail","6":"product_cat-seifi","8":"first","9":"instock","10":"shipping-taxable","11":"purchasable","12":"product-type-simple"},"_links":{"self":[{"href":"https:\/\/auctions.bib.eu\/index.php\/wp-json\/wp\/v2\/product\/747","targetHints":{"allow":["GET"]}}],"collection":[{"href":"https:\/\/auctions.bib.eu\/index.php\/wp-json\/wp\/v2\/product"}],"about":[{"href":"https:\/\/auctions.bib.eu\/index.php\/wp-json\/wp\/v2\/types\/product"}],"wp:featuredmedia":[{"embeddable":true,"href":"https:\/\/auctions.bib.eu\/index.php\/wp-json\/wp\/v2\/media\/748"}],"wp:attachment":[{"href":"https:\/\/auctions.bib.eu\/index.php\/wp-json\/wp\/v2\/media?parent=747"}],"wp:term":[{"taxonomy":"product_brand","embeddable":true,"href":"https:\/\/auctions.bib.eu\/index.php\/wp-json\/wp\/v2\/product_brand?post=747"},{"taxonomy":"product_cat","embeddable":true,"href":"https:\/\/auctions.bib.eu\/index.php\/wp-json\/wp\/v2\/product_cat?post=747"},{"taxonomy":"product_tag","embeddable":true,"href":"https:\/\/auctions.bib.eu\/index.php\/wp-json\/wp\/v2\/product_tag?post=747"}],"curies":[{"name":"wp","href":"https:\/\/api.w.org\/{rel}","templated":true}]}}