{"id":716,"date":"2026-03-04T17:19:35","date_gmt":"2026-03-04T15:19:35","guid":{"rendered":"https:\/\/auctions.bib.eu\/?post_type=product&#038;p=716"},"modified":"2026-03-04T17:19:36","modified_gmt":"2026-03-04T15:19:36","slug":"konferencu-galds","status":"publish","type":"product","link":"https:\/\/auctions.bib.eu\/index.php\/product\/konferencu-galds\/","title":{"rendered":"Konferen\u010du galds"},"content":{"rendered":"<p>Konferen\u010du galds ov\u0101l\u0101 form\u0101, 186x120x75,5<\/p>\n","protected":false},"excerpt":{"rendered":"<p>Konferen\u010du galds ov\u0101l\u0101 form\u0101, 186x120x75,5<\/p>\n","protected":false},"featured_media":717,"template":"","meta":{"wp_popup_display_lightbox":0,"wp_popup_suppress":"","wp_popup_trigger":"","wp_popup_trigger_amount":0,"wp_popup_disable_on_mobile":false},"product_brand":[],"product_cat":[31],"product_tag":[],"class_list":{"0":"post-716","1":"product","2":"type-product","3":"status-publish","4":"has-post-thumbnail","6":"product_cat-galdi","8":"first","9":"instock","10":"shipping-taxable","11":"purchasable","12":"product-type-simple"},"_links":{"self":[{"href":"https:\/\/auctions.bib.eu\/index.php\/wp-json\/wp\/v2\/product\/716","targetHints":{"allow":["GET"]}}],"collection":[{"href":"https:\/\/auctions.bib.eu\/index.php\/wp-json\/wp\/v2\/product"}],"about":[{"href":"https:\/\/auctions.bib.eu\/index.php\/wp-json\/wp\/v2\/types\/product"}],"wp:featuredmedia":[{"embeddable":true,"href":"https:\/\/auctions.bib.eu\/index.php\/wp-json\/wp\/v2\/media\/717"}],"wp:attachment":[{"href":"https:\/\/auctions.bib.eu\/index.php\/wp-json\/wp\/v2\/media?parent=716"}],"wp:term":[{"taxonomy":"product_brand","embeddable":true,"href":"https:\/\/auctions.bib.eu\/index.php\/wp-json\/wp\/v2\/product_brand?post=716"},{"taxonomy":"product_cat","embeddable":true,"href":"https:\/\/auctions.bib.eu\/index.php\/wp-json\/wp\/v2\/product_cat?post=716"},{"taxonomy":"product_tag","embeddable":true,"href":"https:\/\/auctions.bib.eu\/index.php\/wp-json\/wp\/v2\/product_tag?post=716"}],"curies":[{"name":"wp","href":"https:\/\/api.w.org\/{rel}","templated":true}]}}