{"id":712,"date":"2026-03-04T16:43:21","date_gmt":"2026-03-04T14:43:21","guid":{"rendered":"https:\/\/auctions.bib.eu\/?post_type=product&#038;p=712"},"modified":"2026-03-11T15:54:26","modified_gmt":"2026-03-11T13:54:26","slug":"rakstamgalds-6","status":"publish","type":"product","link":"https:\/\/auctions.bib.eu\/index.php\/product\/rakstamgalds-6\/","title":{"rendered":"Rakst\u0101mgalds"},"content":{"rendered":"<p>Rakst\u0101mgalds uz stabila met\u0101liska karkasa, 130x80x73,5 cm<\/p>\n<p>Tiek p\u0101rdots bez att\u0113l\u0101 redzama atvilkt\u0146u bloka<\/p>\n","protected":false},"excerpt":{"rendered":"<p>Rakst\u0101mgalds uz stabila met\u0101liska karkasa, 130x80x73,5 cm Tiek p\u0101rdots bez att\u0113l\u0101 redzama atvilkt\u0146u bloka<\/p>\n","protected":false},"featured_media":713,"template":"","meta":{"wp_popup_display_lightbox":0,"wp_popup_suppress":"","wp_popup_trigger":"","wp_popup_trigger_amount":0,"wp_popup_disable_on_mobile":false},"product_brand":[],"product_cat":[31],"product_tag":[],"class_list":{"0":"post-712","1":"product","2":"type-product","3":"status-publish","4":"has-post-thumbnail","6":"product_cat-galdi","8":"first","9":"instock","10":"shipping-taxable","11":"purchasable","12":"product-type-simple"},"_links":{"self":[{"href":"https:\/\/auctions.bib.eu\/index.php\/wp-json\/wp\/v2\/product\/712","targetHints":{"allow":["GET"]}}],"collection":[{"href":"https:\/\/auctions.bib.eu\/index.php\/wp-json\/wp\/v2\/product"}],"about":[{"href":"https:\/\/auctions.bib.eu\/index.php\/wp-json\/wp\/v2\/types\/product"}],"wp:featuredmedia":[{"embeddable":true,"href":"https:\/\/auctions.bib.eu\/index.php\/wp-json\/wp\/v2\/media\/713"}],"wp:attachment":[{"href":"https:\/\/auctions.bib.eu\/index.php\/wp-json\/wp\/v2\/media?parent=712"}],"wp:term":[{"taxonomy":"product_brand","embeddable":true,"href":"https:\/\/auctions.bib.eu\/index.php\/wp-json\/wp\/v2\/product_brand?post=712"},{"taxonomy":"product_cat","embeddable":true,"href":"https:\/\/auctions.bib.eu\/index.php\/wp-json\/wp\/v2\/product_cat?post=712"},{"taxonomy":"product_tag","embeddable":true,"href":"https:\/\/auctions.bib.eu\/index.php\/wp-json\/wp\/v2\/product_tag?post=712"}],"curies":[{"name":"wp","href":"https:\/\/api.w.org\/{rel}","templated":true}]}}