{"id":643,"date":"2026-02-24T15:03:03","date_gmt":"2026-02-24T13:03:03","guid":{"rendered":"https:\/\/auctions.bib.eu\/?post_type=product&#038;p=643"},"modified":"2026-03-17T13:41:07","modified_gmt":"2026-03-17T11:41:07","slug":"atvilktnu-bloks","status":"publish","type":"product","link":"https:\/\/auctions.bib.eu\/index.php\/product\/atvilktnu-bloks\/","title":{"rendered":"Atvilkt\u0146u bloks"},"content":{"rendered":"<p>Atvilkt\u0146u bloks ar 3 atvilktn\u0113m un atv\u0113rto plauktu, 40&#215;68,5&#215;66 cm<\/p>\n","protected":false},"excerpt":{"rendered":"<p>Atvilkt\u0146u bloks ar 3 atvilktn\u0113m un atv\u0113rto plauktu, 40&#215;68,5&#215;66 cm<\/p>\n","protected":false},"featured_media":646,"template":"","meta":{"wp_popup_display_lightbox":0,"wp_popup_suppress":"","wp_popup_trigger":"","wp_popup_trigger_amount":0,"wp_popup_disable_on_mobile":false},"product_brand":[],"product_cat":[42],"product_tag":[],"class_list":{"0":"post-643","1":"product","2":"type-product","3":"status-publish","4":"has-post-thumbnail","6":"product_cat-atvilktnes","8":"first","9":"instock","10":"shipping-taxable","11":"purchasable","12":"product-type-simple"},"_links":{"self":[{"href":"https:\/\/auctions.bib.eu\/index.php\/wp-json\/wp\/v2\/product\/643","targetHints":{"allow":["GET"]}}],"collection":[{"href":"https:\/\/auctions.bib.eu\/index.php\/wp-json\/wp\/v2\/product"}],"about":[{"href":"https:\/\/auctions.bib.eu\/index.php\/wp-json\/wp\/v2\/types\/product"}],"wp:featuredmedia":[{"embeddable":true,"href":"https:\/\/auctions.bib.eu\/index.php\/wp-json\/wp\/v2\/media\/646"}],"wp:attachment":[{"href":"https:\/\/auctions.bib.eu\/index.php\/wp-json\/wp\/v2\/media?parent=643"}],"wp:term":[{"taxonomy":"product_brand","embeddable":true,"href":"https:\/\/auctions.bib.eu\/index.php\/wp-json\/wp\/v2\/product_brand?post=643"},{"taxonomy":"product_cat","embeddable":true,"href":"https:\/\/auctions.bib.eu\/index.php\/wp-json\/wp\/v2\/product_cat?post=643"},{"taxonomy":"product_tag","embeddable":true,"href":"https:\/\/auctions.bib.eu\/index.php\/wp-json\/wp\/v2\/product_tag?post=643"}],"curies":[{"name":"wp","href":"https:\/\/api.w.org\/{rel}","templated":true}]}}