{"id":627,"date":"2026-02-24T13:06:41","date_gmt":"2026-02-24T11:06:41","guid":{"rendered":"https:\/\/auctions.bib.eu\/?post_type=product&#038;p=627"},"modified":"2026-03-12T15:56:34","modified_gmt":"2026-03-12T13:56:34","slug":"drebju-pakaramais-ar-lietussargu-turetaju","status":"publish","type":"product","link":"https:\/\/auctions.bib.eu\/index.php\/product\/drebju-pakaramais-ar-lietussargu-turetaju\/","title":{"rendered":"Dr\u0113bju pakaramais ar lietussargu tur\u0113t\u0101ju"},"content":{"rendered":"<p>Met\u0101la dr\u0113bju pakaramais ar lietussargu tur\u0113t\u0101ju, 24x24x180 cm<\/p>\n","protected":false},"excerpt":{"rendered":"<p>Met\u0101la dr\u0113bju pakaramais ar lietussargu tur\u0113t\u0101ju, 24x24x180 cm<\/p>\n","protected":false},"featured_media":628,"template":"","meta":{"wp_popup_display_lightbox":0,"wp_popup_suppress":"","wp_popup_trigger":"","wp_popup_trigger_amount":0,"wp_popup_disable_on_mobile":false},"product_brand":[],"product_cat":[40],"product_tag":[],"class_list":{"0":"post-627","1":"product","2":"type-product","3":"status-publish","4":"has-post-thumbnail","6":"product_cat-dazadi","8":"first","9":"instock","10":"shipping-taxable","11":"purchasable","12":"product-type-simple"},"_links":{"self":[{"href":"https:\/\/auctions.bib.eu\/index.php\/wp-json\/wp\/v2\/product\/627","targetHints":{"allow":["GET"]}}],"collection":[{"href":"https:\/\/auctions.bib.eu\/index.php\/wp-json\/wp\/v2\/product"}],"about":[{"href":"https:\/\/auctions.bib.eu\/index.php\/wp-json\/wp\/v2\/types\/product"}],"wp:featuredmedia":[{"embeddable":true,"href":"https:\/\/auctions.bib.eu\/index.php\/wp-json\/wp\/v2\/media\/628"}],"wp:attachment":[{"href":"https:\/\/auctions.bib.eu\/index.php\/wp-json\/wp\/v2\/media?parent=627"}],"wp:term":[{"taxonomy":"product_brand","embeddable":true,"href":"https:\/\/auctions.bib.eu\/index.php\/wp-json\/wp\/v2\/product_brand?post=627"},{"taxonomy":"product_cat","embeddable":true,"href":"https:\/\/auctions.bib.eu\/index.php\/wp-json\/wp\/v2\/product_cat?post=627"},{"taxonomy":"product_tag","embeddable":true,"href":"https:\/\/auctions.bib.eu\/index.php\/wp-json\/wp\/v2\/product_tag?post=627"}],"curies":[{"name":"wp","href":"https:\/\/api.w.org\/{rel}","templated":true}]}}