{"id":625,"date":"2026-02-24T13:01:38","date_gmt":"2026-02-24T11:01:38","guid":{"rendered":"https:\/\/auctions.bib.eu\/?post_type=product&#038;p=625"},"modified":"2026-04-08T15:47:13","modified_gmt":"2026-04-08T13:47:13","slug":"drebju-pakaramais-ar-spoguli","status":"publish","type":"product","link":"https:\/\/auctions.bib.eu\/index.php\/product\/drebju-pakaramais-ar-spoguli\/","title":{"rendered":"Dr\u0113bju pakaramais ar spoguli"},"content":{"rendered":"<p>Met\u0101la dr\u0113bju pakaramais ar spoguli, 38x60x170 cm<\/p>\n","protected":false},"excerpt":{"rendered":"<p>Met\u0101la dr\u0113bju pakaramais ar spoguli, 38x60x170 cm<\/p>\n","protected":false},"featured_media":626,"template":"","meta":{"wp_popup_display_lightbox":0,"wp_popup_suppress":"","wp_popup_trigger":"","wp_popup_trigger_amount":0,"wp_popup_disable_on_mobile":false},"product_brand":[],"product_cat":[40],"product_tag":[],"class_list":{"0":"post-625","1":"product","2":"type-product","3":"status-publish","4":"has-post-thumbnail","6":"product_cat-dazadi","8":"first","9":"instock","10":"shipping-taxable","11":"purchasable","12":"product-type-simple"},"_links":{"self":[{"href":"https:\/\/auctions.bib.eu\/index.php\/wp-json\/wp\/v2\/product\/625","targetHints":{"allow":["GET"]}}],"collection":[{"href":"https:\/\/auctions.bib.eu\/index.php\/wp-json\/wp\/v2\/product"}],"about":[{"href":"https:\/\/auctions.bib.eu\/index.php\/wp-json\/wp\/v2\/types\/product"}],"wp:featuredmedia":[{"embeddable":true,"href":"https:\/\/auctions.bib.eu\/index.php\/wp-json\/wp\/v2\/media\/626"}],"wp:attachment":[{"href":"https:\/\/auctions.bib.eu\/index.php\/wp-json\/wp\/v2\/media?parent=625"}],"wp:term":[{"taxonomy":"product_brand","embeddable":true,"href":"https:\/\/auctions.bib.eu\/index.php\/wp-json\/wp\/v2\/product_brand?post=625"},{"taxonomy":"product_cat","embeddable":true,"href":"https:\/\/auctions.bib.eu\/index.php\/wp-json\/wp\/v2\/product_cat?post=625"},{"taxonomy":"product_tag","embeddable":true,"href":"https:\/\/auctions.bib.eu\/index.php\/wp-json\/wp\/v2\/product_tag?post=625"}],"curies":[{"name":"wp","href":"https:\/\/api.w.org\/{rel}","templated":true}]}}