{"id":619,"date":"2026-02-24T12:35:15","date_gmt":"2026-02-24T10:35:15","guid":{"rendered":"https:\/\/auctions.bib.eu\/?post_type=product&#038;p=619"},"modified":"2026-03-04T13:00:59","modified_gmt":"2026-03-04T11:00:59","slug":"rakstamgalds-3","status":"publish","type":"product","link":"https:\/\/auctions.bib.eu\/index.php\/product\/rakstamgalds-3\/","title":{"rendered":"Rakst\u0101mgalds"},"content":{"rendered":"<p>Rakst\u0101mgalds ar atvilktn\u0113m un skap\u012bti, 200x95x78 cm<\/p>\n","protected":false},"excerpt":{"rendered":"<p>Rakst\u0101mgalds ar atvilktn\u0113m un skap\u012bti, 200x95x78 cm<\/p>\n","protected":false},"featured_media":620,"template":"","meta":{"wp_popup_display_lightbox":0,"wp_popup_suppress":"","wp_popup_trigger":"","wp_popup_trigger_amount":0,"wp_popup_disable_on_mobile":false},"product_brand":[],"product_cat":[31],"product_tag":[],"class_list":{"0":"post-619","1":"product","2":"type-product","3":"status-publish","4":"has-post-thumbnail","6":"product_cat-galdi","8":"first","9":"instock","10":"shipping-taxable","11":"purchasable","12":"product-type-simple"},"_links":{"self":[{"href":"https:\/\/auctions.bib.eu\/index.php\/wp-json\/wp\/v2\/product\/619","targetHints":{"allow":["GET"]}}],"collection":[{"href":"https:\/\/auctions.bib.eu\/index.php\/wp-json\/wp\/v2\/product"}],"about":[{"href":"https:\/\/auctions.bib.eu\/index.php\/wp-json\/wp\/v2\/types\/product"}],"wp:featuredmedia":[{"embeddable":true,"href":"https:\/\/auctions.bib.eu\/index.php\/wp-json\/wp\/v2\/media\/620"}],"wp:attachment":[{"href":"https:\/\/auctions.bib.eu\/index.php\/wp-json\/wp\/v2\/media?parent=619"}],"wp:term":[{"taxonomy":"product_brand","embeddable":true,"href":"https:\/\/auctions.bib.eu\/index.php\/wp-json\/wp\/v2\/product_brand?post=619"},{"taxonomy":"product_cat","embeddable":true,"href":"https:\/\/auctions.bib.eu\/index.php\/wp-json\/wp\/v2\/product_cat?post=619"},{"taxonomy":"product_tag","embeddable":true,"href":"https:\/\/auctions.bib.eu\/index.php\/wp-json\/wp\/v2\/product_tag?post=619"}],"curies":[{"name":"wp","href":"https:\/\/api.w.org\/{rel}","templated":true}]}}