{"id":615,"date":"2026-02-24T12:22:31","date_gmt":"2026-02-24T10:22:31","guid":{"rendered":"https:\/\/auctions.bib.eu\/?post_type=product&#038;p=615"},"modified":"2026-03-11T16:54:56","modified_gmt":"2026-03-11T14:54:56","slug":"rakstamgalds-francesco-molon-2","status":"publish","type":"product","link":"https:\/\/auctions.bib.eu\/index.php\/product\/rakstamgalds-francesco-molon-2\/","title":{"rendered":"Rakst\u0101mgalds Francesco Molon"},"content":{"rendered":"<p>Rakst\u0101mgalds Francesco Molon ar \u0101das elementiem, ar atvilktn\u0113m. 184x100x78 cm<\/p>\n","protected":false},"excerpt":{"rendered":"<p>Rakst\u0101mgalds Francesco Molon ar \u0101das elementiem, ar atvilktn\u0113m. 184x100x78 cm<\/p>\n","protected":false},"featured_media":616,"template":"","meta":{"wp_popup_display_lightbox":0,"wp_popup_suppress":"","wp_popup_trigger":"","wp_popup_trigger_amount":0,"wp_popup_disable_on_mobile":false},"product_brand":[],"product_cat":[31],"product_tag":[],"class_list":{"0":"post-615","1":"product","2":"type-product","3":"status-publish","4":"has-post-thumbnail","6":"product_cat-galdi","8":"first","9":"instock","10":"shipping-taxable","11":"purchasable","12":"product-type-simple"},"_links":{"self":[{"href":"https:\/\/auctions.bib.eu\/index.php\/wp-json\/wp\/v2\/product\/615","targetHints":{"allow":["GET"]}}],"collection":[{"href":"https:\/\/auctions.bib.eu\/index.php\/wp-json\/wp\/v2\/product"}],"about":[{"href":"https:\/\/auctions.bib.eu\/index.php\/wp-json\/wp\/v2\/types\/product"}],"wp:featuredmedia":[{"embeddable":true,"href":"https:\/\/auctions.bib.eu\/index.php\/wp-json\/wp\/v2\/media\/616"}],"wp:attachment":[{"href":"https:\/\/auctions.bib.eu\/index.php\/wp-json\/wp\/v2\/media?parent=615"}],"wp:term":[{"taxonomy":"product_brand","embeddable":true,"href":"https:\/\/auctions.bib.eu\/index.php\/wp-json\/wp\/v2\/product_brand?post=615"},{"taxonomy":"product_cat","embeddable":true,"href":"https:\/\/auctions.bib.eu\/index.php\/wp-json\/wp\/v2\/product_cat?post=615"},{"taxonomy":"product_tag","embeddable":true,"href":"https:\/\/auctions.bib.eu\/index.php\/wp-json\/wp\/v2\/product_tag?post=615"}],"curies":[{"name":"wp","href":"https:\/\/api.w.org\/{rel}","templated":true}]}}