{"id":576,"date":"2026-02-24T10:56:44","date_gmt":"2026-02-24T08:56:44","guid":{"rendered":"https:\/\/auctions.bib.eu\/?post_type=product&#038;p=576"},"modified":"2026-03-11T16:10:29","modified_gmt":"2026-03-11T14:10:29","slug":"kafijas-galdins","status":"publish","type":"product","link":"https:\/\/auctions.bib.eu\/index.php\/product\/kafijas-galdins\/","title":{"rendered":"Kafijas galdi\u0146\u0161"},"content":{"rendered":"<p>Kafijas galdi\u0146\u0161 ar stikla virsmu, 60x60x45 cm<\/p>\n","protected":false},"excerpt":{"rendered":"<p>Kafijas galdi\u0146\u0161 ar stikla virsmu, 60x60x45 cm<\/p>\n","protected":false},"featured_media":579,"template":"","meta":{"wp_popup_display_lightbox":0,"wp_popup_suppress":"","wp_popup_trigger":"","wp_popup_trigger_amount":0,"wp_popup_disable_on_mobile":false},"product_brand":[],"product_cat":[31],"product_tag":[],"class_list":{"0":"post-576","1":"product","2":"type-product","3":"status-publish","4":"has-post-thumbnail","6":"product_cat-galdi","8":"first","9":"instock","10":"shipping-taxable","11":"purchasable","12":"product-type-simple"},"_links":{"self":[{"href":"https:\/\/auctions.bib.eu\/index.php\/wp-json\/wp\/v2\/product\/576","targetHints":{"allow":["GET"]}}],"collection":[{"href":"https:\/\/auctions.bib.eu\/index.php\/wp-json\/wp\/v2\/product"}],"about":[{"href":"https:\/\/auctions.bib.eu\/index.php\/wp-json\/wp\/v2\/types\/product"}],"wp:featuredmedia":[{"embeddable":true,"href":"https:\/\/auctions.bib.eu\/index.php\/wp-json\/wp\/v2\/media\/579"}],"wp:attachment":[{"href":"https:\/\/auctions.bib.eu\/index.php\/wp-json\/wp\/v2\/media?parent=576"}],"wp:term":[{"taxonomy":"product_brand","embeddable":true,"href":"https:\/\/auctions.bib.eu\/index.php\/wp-json\/wp\/v2\/product_brand?post=576"},{"taxonomy":"product_cat","embeddable":true,"href":"https:\/\/auctions.bib.eu\/index.php\/wp-json\/wp\/v2\/product_cat?post=576"},{"taxonomy":"product_tag","embeddable":true,"href":"https:\/\/auctions.bib.eu\/index.php\/wp-json\/wp\/v2\/product_tag?post=576"}],"curies":[{"name":"wp","href":"https:\/\/api.w.org\/{rel}","templated":true}]}}