{"id":444,"date":"2026-02-23T10:42:25","date_gmt":"2026-02-23T08:42:25","guid":{"rendered":"https:\/\/auctions.bib.eu\/?post_type=product&#038;p=444"},"modified":"2026-03-04T10:57:25","modified_gmt":"2026-03-04T08:57:25","slug":"adas-divans-2","status":"publish","type":"product","link":"https:\/\/auctions.bib.eu\/index.php\/product\/adas-divans-2\/","title":{"rendered":"\u0100das d\u012bv\u0101ns"},"content":{"rendered":"<p>Divviet\u012bgs \u0101das d\u012bv\u0101ns, 138x 90x 88 cm<\/p>\n","protected":false},"excerpt":{"rendered":"<p>Divviet\u012bgs \u0101das d\u012bv\u0101ns, 138x 90x 88 cm<\/p>\n","protected":false},"featured_media":445,"template":"","meta":{"wp_popup_display_lightbox":0,"wp_popup_suppress":"","wp_popup_trigger":"","wp_popup_trigger_amount":0,"wp_popup_disable_on_mobile":false},"product_brand":[],"product_cat":[39],"product_tag":[],"class_list":{"0":"post-444","1":"product","2":"type-product","3":"status-publish","4":"has-post-thumbnail","6":"product_cat-divani","8":"first","9":"instock","10":"shipping-taxable","11":"purchasable","12":"product-type-simple"},"_links":{"self":[{"href":"https:\/\/auctions.bib.eu\/index.php\/wp-json\/wp\/v2\/product\/444","targetHints":{"allow":["GET"]}}],"collection":[{"href":"https:\/\/auctions.bib.eu\/index.php\/wp-json\/wp\/v2\/product"}],"about":[{"href":"https:\/\/auctions.bib.eu\/index.php\/wp-json\/wp\/v2\/types\/product"}],"wp:featuredmedia":[{"embeddable":true,"href":"https:\/\/auctions.bib.eu\/index.php\/wp-json\/wp\/v2\/media\/445"}],"wp:attachment":[{"href":"https:\/\/auctions.bib.eu\/index.php\/wp-json\/wp\/v2\/media?parent=444"}],"wp:term":[{"taxonomy":"product_brand","embeddable":true,"href":"https:\/\/auctions.bib.eu\/index.php\/wp-json\/wp\/v2\/product_brand?post=444"},{"taxonomy":"product_cat","embeddable":true,"href":"https:\/\/auctions.bib.eu\/index.php\/wp-json\/wp\/v2\/product_cat?post=444"},{"taxonomy":"product_tag","embeddable":true,"href":"https:\/\/auctions.bib.eu\/index.php\/wp-json\/wp\/v2\/product_tag?post=444"}],"curies":[{"name":"wp","href":"https:\/\/api.w.org\/{rel}","templated":true}]}}