{"id":392,"date":"2026-02-20T12:43:34","date_gmt":"2026-02-20T10:43:34","guid":{"rendered":"https:\/\/auctions.bib.eu\/?post_type=product&#038;p=392"},"modified":"2026-03-04T14:16:16","modified_gmt":"2026-03-04T12:16:16","slug":"apals-biroja-kresls","status":"publish","type":"product","link":"https:\/\/auctions.bib.eu\/index.php\/product\/apals-biroja-kresls\/","title":{"rendered":"Apa\u013c\u0161 biroja kr\u0113sls"},"content":{"rendered":"<p>\u0100das biroja kr\u0113sls, 68x68x86 cm<\/p>\n","protected":false},"excerpt":{"rendered":"<p>\u0100das biroja kr\u0113sls, 68x68x86 cm<\/p>\n","protected":false},"featured_media":393,"template":"","meta":{"wp_popup_display_lightbox":0,"wp_popup_suppress":"","wp_popup_trigger":"","wp_popup_trigger_amount":0,"wp_popup_disable_on_mobile":false},"product_brand":[],"product_cat":[30],"product_tag":[],"class_list":{"0":"post-392","1":"product","2":"type-product","3":"status-publish","4":"has-post-thumbnail","6":"product_cat-kresli","8":"first","9":"instock","10":"shipping-taxable","11":"purchasable","12":"product-type-simple"},"_links":{"self":[{"href":"https:\/\/auctions.bib.eu\/index.php\/wp-json\/wp\/v2\/product\/392","targetHints":{"allow":["GET"]}}],"collection":[{"href":"https:\/\/auctions.bib.eu\/index.php\/wp-json\/wp\/v2\/product"}],"about":[{"href":"https:\/\/auctions.bib.eu\/index.php\/wp-json\/wp\/v2\/types\/product"}],"wp:featuredmedia":[{"embeddable":true,"href":"https:\/\/auctions.bib.eu\/index.php\/wp-json\/wp\/v2\/media\/393"}],"wp:attachment":[{"href":"https:\/\/auctions.bib.eu\/index.php\/wp-json\/wp\/v2\/media?parent=392"}],"wp:term":[{"taxonomy":"product_brand","embeddable":true,"href":"https:\/\/auctions.bib.eu\/index.php\/wp-json\/wp\/v2\/product_brand?post=392"},{"taxonomy":"product_cat","embeddable":true,"href":"https:\/\/auctions.bib.eu\/index.php\/wp-json\/wp\/v2\/product_cat?post=392"},{"taxonomy":"product_tag","embeddable":true,"href":"https:\/\/auctions.bib.eu\/index.php\/wp-json\/wp\/v2\/product_tag?post=392"}],"curies":[{"name":"wp","href":"https:\/\/api.w.org\/{rel}","templated":true}]}}