{"id":385,"date":"2026-02-20T11:14:33","date_gmt":"2026-02-20T09:14:33","guid":{"rendered":"https:\/\/auctions.bib.eu\/?post_type=product&#038;p=385"},"modified":"2026-03-04T14:17:30","modified_gmt":"2026-03-04T12:17:30","slug":"apmekletaju-kresls","status":"publish","type":"product","link":"https:\/\/auctions.bib.eu\/index.php\/product\/apmekletaju-kresls\/","title":{"rendered":"Apmekl\u0113t\u0101ju kr\u0113sls"},"content":{"rendered":"<p>Koka apmekl\u0113t\u0101ju kr\u0113sls, ar \u0101das elementiem un met\u0101la knied\u0113m. 50x50x100cm<\/p>\n","protected":false},"excerpt":{"rendered":"<p>Koka apmekl\u0113t\u0101ju kr\u0113sls, ar \u0101das elementiem un met\u0101la knied\u0113m. 50x50x100cm<\/p>\n","protected":false},"featured_media":386,"template":"","meta":{"wp_popup_display_lightbox":0,"wp_popup_suppress":"","wp_popup_trigger":"","wp_popup_trigger_amount":0,"wp_popup_disable_on_mobile":false},"product_brand":[],"product_cat":[30],"product_tag":[],"class_list":{"0":"post-385","1":"product","2":"type-product","3":"status-publish","4":"has-post-thumbnail","6":"product_cat-kresli","8":"first","9":"instock","10":"shipping-taxable","11":"purchasable","12":"product-type-simple"},"_links":{"self":[{"href":"https:\/\/auctions.bib.eu\/index.php\/wp-json\/wp\/v2\/product\/385","targetHints":{"allow":["GET"]}}],"collection":[{"href":"https:\/\/auctions.bib.eu\/index.php\/wp-json\/wp\/v2\/product"}],"about":[{"href":"https:\/\/auctions.bib.eu\/index.php\/wp-json\/wp\/v2\/types\/product"}],"wp:featuredmedia":[{"embeddable":true,"href":"https:\/\/auctions.bib.eu\/index.php\/wp-json\/wp\/v2\/media\/386"}],"wp:attachment":[{"href":"https:\/\/auctions.bib.eu\/index.php\/wp-json\/wp\/v2\/media?parent=385"}],"wp:term":[{"taxonomy":"product_brand","embeddable":true,"href":"https:\/\/auctions.bib.eu\/index.php\/wp-json\/wp\/v2\/product_brand?post=385"},{"taxonomy":"product_cat","embeddable":true,"href":"https:\/\/auctions.bib.eu\/index.php\/wp-json\/wp\/v2\/product_cat?post=385"},{"taxonomy":"product_tag","embeddable":true,"href":"https:\/\/auctions.bib.eu\/index.php\/wp-json\/wp\/v2\/product_tag?post=385"}],"curies":[{"name":"wp","href":"https:\/\/api.w.org\/{rel}","templated":true}]}}