{"id":283,"date":"2026-02-16T12:40:13","date_gmt":"2026-02-16T10:40:13","guid":{"rendered":"https:\/\/auctions.bib.eu\/?post_type=product&#038;p=283"},"modified":"2026-03-18T09:42:30","modified_gmt":"2026-03-18T07:42:30","slug":"mebeles","status":"publish","type":"product","link":"https:\/\/auctions.bib.eu\/index.php\/product\/mebeles\/","title":{"rendered":"Apmekl\u0113t\u0101ju kr\u0113sls MASCHERONI President reg"},"content":{"rendered":"<p>Tum\u0161i sarkan\u0101s \u0101das kr\u0113sls, 60x64x80\/86 cm<\/p>\n","protected":false},"excerpt":{"rendered":"<p>Tum\u0161i sarkan\u0101s \u0101das kr\u0113sls, 60x64x80\/86 cm<\/p>\n","protected":false},"featured_media":407,"template":"","meta":{"wp_popup_display_lightbox":0,"wp_popup_suppress":"","wp_popup_trigger":"","wp_popup_trigger_amount":0,"wp_popup_disable_on_mobile":false},"product_brand":[],"product_cat":[30],"product_tag":[],"class_list":{"0":"post-283","1":"product","2":"type-product","3":"status-publish","4":"has-post-thumbnail","6":"product_cat-kresli","8":"first","9":"instock","10":"shipping-taxable","11":"purchasable","12":"product-type-simple"},"_links":{"self":[{"href":"https:\/\/auctions.bib.eu\/index.php\/wp-json\/wp\/v2\/product\/283","targetHints":{"allow":["GET"]}}],"collection":[{"href":"https:\/\/auctions.bib.eu\/index.php\/wp-json\/wp\/v2\/product"}],"about":[{"href":"https:\/\/auctions.bib.eu\/index.php\/wp-json\/wp\/v2\/types\/product"}],"wp:featuredmedia":[{"embeddable":true,"href":"https:\/\/auctions.bib.eu\/index.php\/wp-json\/wp\/v2\/media\/407"}],"wp:attachment":[{"href":"https:\/\/auctions.bib.eu\/index.php\/wp-json\/wp\/v2\/media?parent=283"}],"wp:term":[{"taxonomy":"product_brand","embeddable":true,"href":"https:\/\/auctions.bib.eu\/index.php\/wp-json\/wp\/v2\/product_brand?post=283"},{"taxonomy":"product_cat","embeddable":true,"href":"https:\/\/auctions.bib.eu\/index.php\/wp-json\/wp\/v2\/product_cat?post=283"},{"taxonomy":"product_tag","embeddable":true,"href":"https:\/\/auctions.bib.eu\/index.php\/wp-json\/wp\/v2\/product_tag?post=283"}],"curies":[{"name":"wp","href":"https:\/\/api.w.org\/{rel}","templated":true}]}}