{"id":1649,"date":"2026-04-04T21:08:37","date_gmt":"2026-04-04T19:08:37","guid":{"rendered":"https:\/\/auctions.bib.eu\/index.php\/product\/drukasanas-masina-olympia-ru-retro\/"},"modified":"2026-04-08T11:20:27","modified_gmt":"2026-04-08T09:20:27","slug":"drukasanas-masina-olympia-ru-retro","status":"publish","type":"product","link":"https:\/\/auctions.bib.eu\/index.php\/product\/drukasanas-masina-olympia-ru-retro\/","title":{"rendered":"Rakst\u0101mma\u0161\u012bna OLYMPIA (RU) RETRO"},"content":{"rendered":"<p>Rakst\u0101mma\u0161\u012bna OLYMPIA (RU) RETRO<\/p>\n","protected":false},"excerpt":{"rendered":"<p>Rakst\u0101mma\u0161\u012bna OLYMPIA (RU) RETRO<\/p>\n","protected":false},"featured_media":1648,"template":"","meta":{"wp_popup_display_lightbox":0,"wp_popup_suppress":"","wp_popup_trigger":"","wp_popup_trigger_amount":0,"wp_popup_disable_on_mobile":false},"product_brand":[],"product_cat":[83],"product_tag":[],"class_list":{"0":"post-1649","1":"product","2":"type-product","3":"status-publish","4":"has-post-thumbnail","6":"product_cat-rakstammasina-it-tehnika","8":"first","9":"instock","10":"shipping-taxable","11":"purchasable","12":"product-type-simple"},"_links":{"self":[{"href":"https:\/\/auctions.bib.eu\/index.php\/wp-json\/wp\/v2\/product\/1649","targetHints":{"allow":["GET"]}}],"collection":[{"href":"https:\/\/auctions.bib.eu\/index.php\/wp-json\/wp\/v2\/product"}],"about":[{"href":"https:\/\/auctions.bib.eu\/index.php\/wp-json\/wp\/v2\/types\/product"}],"wp:featuredmedia":[{"embeddable":true,"href":"https:\/\/auctions.bib.eu\/index.php\/wp-json\/wp\/v2\/media\/1648"}],"wp:attachment":[{"href":"https:\/\/auctions.bib.eu\/index.php\/wp-json\/wp\/v2\/media?parent=1649"}],"wp:term":[{"taxonomy":"product_brand","embeddable":true,"href":"https:\/\/auctions.bib.eu\/index.php\/wp-json\/wp\/v2\/product_brand?post=1649"},{"taxonomy":"product_cat","embeddable":true,"href":"https:\/\/auctions.bib.eu\/index.php\/wp-json\/wp\/v2\/product_cat?post=1649"},{"taxonomy":"product_tag","embeddable":true,"href":"https:\/\/auctions.bib.eu\/index.php\/wp-json\/wp\/v2\/product_tag?post=1649"}],"curies":[{"name":"wp","href":"https:\/\/api.w.org\/{rel}","templated":true}]}}