{"id":1093,"date":"2026-03-23T10:33:41","date_gmt":"2026-03-23T08:33:41","guid":{"rendered":"https:\/\/auctions.bib.eu\/?post_type=product&#038;p=1093"},"modified":"2026-04-09T12:59:31","modified_gmt":"2026-04-09T10:59:31","slug":"toletes-papira-turetajs","status":"publish","type":"product","link":"https:\/\/auctions.bib.eu\/index.php\/product\/toletes-papira-turetajs\/","title":{"rendered":"Tualetes pap\u012bra tur\u0113t\u0101js"},"content":{"rendered":"<p>DECOR WALTHER &#8211; Corner<\/p>\n<p>10.5 x 14.7 x 8cm, balts, mat\u0113ts<\/p>\n","protected":false},"excerpt":{"rendered":"<p>DECOR WALTHER &#8211; Corner 10.5 x 14.7 x 8cm, balts, mat\u0113ts<\/p>\n","protected":false},"featured_media":1094,"template":"","meta":{"wp_popup_display_lightbox":0,"wp_popup_suppress":"","wp_popup_trigger":"","wp_popup_trigger_amount":0,"wp_popup_disable_on_mobile":false},"product_brand":[],"product_cat":[47],"product_tag":[],"class_list":{"0":"post-1093","1":"product","2":"type-product","3":"status-publish","4":"has-post-thumbnail","6":"product_cat-santehnika","8":"first","9":"instock","10":"shipping-taxable","11":"purchasable","12":"product-type-simple"},"_links":{"self":[{"href":"https:\/\/auctions.bib.eu\/index.php\/wp-json\/wp\/v2\/product\/1093","targetHints":{"allow":["GET"]}}],"collection":[{"href":"https:\/\/auctions.bib.eu\/index.php\/wp-json\/wp\/v2\/product"}],"about":[{"href":"https:\/\/auctions.bib.eu\/index.php\/wp-json\/wp\/v2\/types\/product"}],"wp:featuredmedia":[{"embeddable":true,"href":"https:\/\/auctions.bib.eu\/index.php\/wp-json\/wp\/v2\/media\/1094"}],"wp:attachment":[{"href":"https:\/\/auctions.bib.eu\/index.php\/wp-json\/wp\/v2\/media?parent=1093"}],"wp:term":[{"taxonomy":"product_brand","embeddable":true,"href":"https:\/\/auctions.bib.eu\/index.php\/wp-json\/wp\/v2\/product_brand?post=1093"},{"taxonomy":"product_cat","embeddable":true,"href":"https:\/\/auctions.bib.eu\/index.php\/wp-json\/wp\/v2\/product_cat?post=1093"},{"taxonomy":"product_tag","embeddable":true,"href":"https:\/\/auctions.bib.eu\/index.php\/wp-json\/wp\/v2\/product_tag?post=1093"}],"curies":[{"name":"wp","href":"https:\/\/api.w.org\/{rel}","templated":true}]}}