{"id":1076,"date":"2026-03-19T16:28:05","date_gmt":"2026-03-19T14:28:05","guid":{"rendered":"https:\/\/auctions.bib.eu\/?post_type=product&#038;p=1076"},"modified":"2026-03-19T16:28:05","modified_gmt":"2026-03-19T14:28:05","slug":"balta-tafele-ar-bidamo-stativu","status":"publish","type":"product","link":"https:\/\/auctions.bib.eu\/index.php\/product\/balta-tafele-ar-bidamo-stativu\/","title":{"rendered":"Balta t\u0101fele ar b\u012bd\u0101mo stat\u012bvu"},"content":{"rendered":"<p>Balta t\u0101fele ar b\u012bd\u0101mo stat\u012bvu,<\/p>\n<p>t\u0101feles izm\u0113rs 92&#215;121 cm<\/p>\n<p>kop\u0113jais izm\u0113rs 92&#215;193 cm<\/p>\n","protected":false},"excerpt":{"rendered":"<p>Balta t\u0101fele ar b\u012bd\u0101mo stat\u012bvu, t\u0101feles izm\u0113rs 92&#215;121 cm kop\u0113jais izm\u0113rs 92&#215;193 cm<\/p>\n","protected":false},"featured_media":1077,"template":"","meta":{"wp_popup_display_lightbox":0,"wp_popup_suppress":"","wp_popup_trigger":"","wp_popup_trigger_amount":0,"wp_popup_disable_on_mobile":false},"product_brand":[],"product_cat":[36],"product_tag":[],"class_list":{"0":"post-1076","1":"product","2":"type-product","3":"status-publish","4":"has-post-thumbnail","6":"product_cat-dazadas-iekartas","8":"first","9":"instock","10":"shipping-taxable","11":"purchasable","12":"product-type-simple"},"_links":{"self":[{"href":"https:\/\/auctions.bib.eu\/index.php\/wp-json\/wp\/v2\/product\/1076","targetHints":{"allow":["GET"]}}],"collection":[{"href":"https:\/\/auctions.bib.eu\/index.php\/wp-json\/wp\/v2\/product"}],"about":[{"href":"https:\/\/auctions.bib.eu\/index.php\/wp-json\/wp\/v2\/types\/product"}],"wp:featuredmedia":[{"embeddable":true,"href":"https:\/\/auctions.bib.eu\/index.php\/wp-json\/wp\/v2\/media\/1077"}],"wp:attachment":[{"href":"https:\/\/auctions.bib.eu\/index.php\/wp-json\/wp\/v2\/media?parent=1076"}],"wp:term":[{"taxonomy":"product_brand","embeddable":true,"href":"https:\/\/auctions.bib.eu\/index.php\/wp-json\/wp\/v2\/product_brand?post=1076"},{"taxonomy":"product_cat","embeddable":true,"href":"https:\/\/auctions.bib.eu\/index.php\/wp-json\/wp\/v2\/product_cat?post=1076"},{"taxonomy":"product_tag","embeddable":true,"href":"https:\/\/auctions.bib.eu\/index.php\/wp-json\/wp\/v2\/product_tag?post=1076"}],"curies":[{"name":"wp","href":"https:\/\/api.w.org\/{rel}","templated":true}]}}