{"id":1054,"date":"2026-03-19T12:44:28","date_gmt":"2026-03-19T10:44:28","guid":{"rendered":"https:\/\/auctions.bib.eu\/?post_type=product&#038;p=1054"},"modified":"2026-03-19T12:44:28","modified_gmt":"2026-03-19T10:44:28","slug":"apmekletaju-kresls-mascheroni-2","status":"publish","type":"product","link":"https:\/\/auctions.bib.eu\/index.php\/product\/apmekletaju-kresls-mascheroni-2\/","title":{"rendered":"Apmekl\u0113t\u0101ju kr\u0113sls MASCHERONI"},"content":{"rendered":"<p>Apmekl\u0113t\u0101ju kr\u0113sls ar roku balstiem, 65x65x100 cm<\/p>\n","protected":false},"excerpt":{"rendered":"<p>Apmekl\u0113t\u0101ju kr\u0113sls ar roku balstiem, 65x65x100 cm<\/p>\n","protected":false},"featured_media":1055,"template":"","meta":{"wp_popup_display_lightbox":0,"wp_popup_suppress":"","wp_popup_trigger":"","wp_popup_trigger_amount":0,"wp_popup_disable_on_mobile":false},"product_brand":[],"product_cat":[30],"product_tag":[],"class_list":{"0":"post-1054","1":"product","2":"type-product","3":"status-publish","4":"has-post-thumbnail","6":"product_cat-kresli","8":"first","9":"instock","10":"shipping-taxable","11":"purchasable","12":"product-type-simple"},"_links":{"self":[{"href":"https:\/\/auctions.bib.eu\/index.php\/wp-json\/wp\/v2\/product\/1054","targetHints":{"allow":["GET"]}}],"collection":[{"href":"https:\/\/auctions.bib.eu\/index.php\/wp-json\/wp\/v2\/product"}],"about":[{"href":"https:\/\/auctions.bib.eu\/index.php\/wp-json\/wp\/v2\/types\/product"}],"wp:featuredmedia":[{"embeddable":true,"href":"https:\/\/auctions.bib.eu\/index.php\/wp-json\/wp\/v2\/media\/1055"}],"wp:attachment":[{"href":"https:\/\/auctions.bib.eu\/index.php\/wp-json\/wp\/v2\/media?parent=1054"}],"wp:term":[{"taxonomy":"product_brand","embeddable":true,"href":"https:\/\/auctions.bib.eu\/index.php\/wp-json\/wp\/v2\/product_brand?post=1054"},{"taxonomy":"product_cat","embeddable":true,"href":"https:\/\/auctions.bib.eu\/index.php\/wp-json\/wp\/v2\/product_cat?post=1054"},{"taxonomy":"product_tag","embeddable":true,"href":"https:\/\/auctions.bib.eu\/index.php\/wp-json\/wp\/v2\/product_tag?post=1054"}],"curies":[{"name":"wp","href":"https:\/\/api.w.org\/{rel}","templated":true}]}}