{"id":1050,"date":"2026-03-19T11:59:43","date_gmt":"2026-03-19T09:59:43","guid":{"rendered":"https:\/\/auctions.bib.eu\/?post_type=product&#038;p=1050"},"modified":"2026-03-19T11:59:43","modified_gmt":"2026-03-19T09:59:43","slug":"apmekletaju-kresls-francesco-molon","status":"publish","type":"product","link":"https:\/\/auctions.bib.eu\/index.php\/product\/apmekletaju-kresls-francesco-molon\/","title":{"rendered":"Apmekl\u0113t\u0101ju kr\u0113sls FRANCESCO MOLON"},"content":{"rendered":"<p>Apmekl\u0113t\u0101ju kr\u0113sls FRANCESCO MOLON, 64x67x110 cm<\/p>\n","protected":false},"excerpt":{"rendered":"<p>Apmekl\u0113t\u0101ju kr\u0113sls FRANCESCO MOLON, 64x67x110 cm<\/p>\n","protected":false},"featured_media":1051,"template":"","meta":{"wp_popup_display_lightbox":0,"wp_popup_suppress":"","wp_popup_trigger":"","wp_popup_trigger_amount":0,"wp_popup_disable_on_mobile":false},"product_brand":[],"product_cat":[30],"product_tag":[],"class_list":{"0":"post-1050","1":"product","2":"type-product","3":"status-publish","4":"has-post-thumbnail","6":"product_cat-kresli","8":"first","9":"instock","10":"shipping-taxable","11":"purchasable","12":"product-type-simple"},"_links":{"self":[{"href":"https:\/\/auctions.bib.eu\/index.php\/wp-json\/wp\/v2\/product\/1050","targetHints":{"allow":["GET"]}}],"collection":[{"href":"https:\/\/auctions.bib.eu\/index.php\/wp-json\/wp\/v2\/product"}],"about":[{"href":"https:\/\/auctions.bib.eu\/index.php\/wp-json\/wp\/v2\/types\/product"}],"wp:featuredmedia":[{"embeddable":true,"href":"https:\/\/auctions.bib.eu\/index.php\/wp-json\/wp\/v2\/media\/1051"}],"wp:attachment":[{"href":"https:\/\/auctions.bib.eu\/index.php\/wp-json\/wp\/v2\/media?parent=1050"}],"wp:term":[{"taxonomy":"product_brand","embeddable":true,"href":"https:\/\/auctions.bib.eu\/index.php\/wp-json\/wp\/v2\/product_brand?post=1050"},{"taxonomy":"product_cat","embeddable":true,"href":"https:\/\/auctions.bib.eu\/index.php\/wp-json\/wp\/v2\/product_cat?post=1050"},{"taxonomy":"product_tag","embeddable":true,"href":"https:\/\/auctions.bib.eu\/index.php\/wp-json\/wp\/v2\/product_tag?post=1050"}],"curies":[{"name":"wp","href":"https:\/\/api.w.org\/{rel}","templated":true}]}}